{"id":5837,"date":"2022-04-06T17:14:38","date_gmt":"2022-04-06T17:14:38","guid":{"rendered":"https:\/\/beta.batev.com.ar\/?page_id=5837"},"modified":"2024-05-14T18:45:52","modified_gmt":"2024-05-14T18:45:52","slug":"workshops","status":"publish","type":"page","link":"https:\/\/www.batev.com.ar\/web\/workshops\/","title":{"rendered":"Workshops"},"content":{"rendered":"<div class=\"fusion-fullwidth fullwidth-box fusion-builder-row-1 fusion-flex-container has-pattern-background has-mask-background nonhundred-percent-fullwidth non-hundred-percent-height-scrolling\" style=\"--awb-border-radius-top-left:0px;--awb-border-radius-top-right:0px;--awb-border-radius-bottom-right:0px;--awb-border-radius-bottom-left:0px;--awb-background-color:rgba(99,100,102,0);--awb-flex-wrap:wrap;\" ><div class=\"fusion-builder-row fusion-row fusion-flex-align-items-flex-start fusion-flex-content-wrap\" style=\"max-width:1300px;margin-left: calc(-4% \/ 2 );margin-right: calc(-4% \/ 2 );\"><div class=\"fusion-layout-column fusion_builder_column fusion-builder-column-0 fusion_builder_column_1_1 1_1 fusion-flex-column\" style=\"--awb-bg-size:cover;--awb-width-large:100%;--awb-margin-top-large:0px;--awb-spacing-right-large:1.92%;--awb-margin-bottom-large:0px;--awb-spacing-left-large:1.92%;--awb-width-medium:100%;--awb-order-medium:0;--awb-spacing-right-medium:1.92%;--awb-spacing-left-medium:1.92%;--awb-width-small:100%;--awb-order-small:0;--awb-spacing-right-small:1.92%;--awb-spacing-left-small:1.92%;\"><div class=\"fusion-column-wrapper fusion-column-has-shadow fusion-flex-justify-content-flex-start fusion-content-layout-column\"><div class=\"fusion-text fusion-text-1\" style=\"--awb-font-size:17px;--awb-line-height:1.55;--awb-text-color:var(--awb-color2);--awb-text-font-family:&quot;Raleway&quot;;--awb-text-font-style:normal;--awb-text-font-weight:500;\"><p><strong>Actividad gratuita (sujeto a capacidad de la sala)<\/strong><\/p>\n<p>Presentamos la agenda de actividades programadas por las empresas expositoras, reg\u00edstrese en aquellas que sean de su inter\u00e9s. Ac\u00e9rquese 5&#8242; antes del comienzo de la conferencia anunciada.<\/p>\n<\/div><div class=\"fusion-text fusion-text-2 divoculta\" style=\"--awb-font-size:17px;--awb-line-height:1.55;--awb-text-color:var(--awb-color2);--awb-text-font-family:&quot;Raleway&quot;;--awb-text-font-style:normal;--awb-text-font-weight:500;\"><p><a href=\"https:\/\/www.batev.com.ar\/a_eventos\/batev19_programa_sala_workshops.pdf\"><img decoding=\"async\" src=\"https:\/\/www.batev.com.ar\/inc\/actividades\/pdf_icon.jpg\" border=\"0\" \/>Descargue el programa completo<\/a><\/p>\n<\/div><\/div><\/div><\/div><\/div>\n","protected":false},"excerpt":{"rendered":"","protected":false},"author":1,"featured_media":0,"parent":0,"menu_order":0,"comment_status":"closed","ping_status":"closed","template":"plantilla_workshops.php","meta":{"_acf_changed":false,"footnotes":""},"class_list":["post-5837","page","type-page","status-publish","hentry"],"acf":[],"_links":{"self":[{"href":"https:\/\/www.batev.com.ar\/web\/wp-json\/wp\/v2\/pages\/5837","targetHints":{"allow":["GET"]}}],"collection":[{"href":"https:\/\/www.batev.com.ar\/web\/wp-json\/wp\/v2\/pages"}],"about":[{"href":"https:\/\/www.batev.com.ar\/web\/wp-json\/wp\/v2\/types\/page"}],"author":[{"embeddable":true,"href":"https:\/\/www.batev.com.ar\/web\/wp-json\/wp\/v2\/users\/1"}],"replies":[{"embeddable":true,"href":"https:\/\/www.batev.com.ar\/web\/wp-json\/wp\/v2\/comments?post=5837"}],"version-history":[{"count":15,"href":"https:\/\/www.batev.com.ar\/web\/wp-json\/wp\/v2\/pages\/5837\/revisions"}],"predecessor-version":[{"id":5957,"href":"https:\/\/www.batev.com.ar\/web\/wp-json\/wp\/v2\/pages\/5837\/revisions\/5957"}],"wp:attachment":[{"href":"https:\/\/www.batev.com.ar\/web\/wp-json\/wp\/v2\/media?parent=5837"}],"curies":[{"name":"wp","href":"https:\/\/api.w.org\/{rel}","templated":true}]}}